{"id":612,"date":"2024-11-12T15:21:59","date_gmt":"2024-11-12T15:21:59","guid":{"rendered":"https:\/\/www.sybilblue.com\/?page_id=612"},"modified":"2026-03-31T13:35:03","modified_gmt":"2026-03-31T13:35:03","slug":"pret-a-porter","status":"publish","type":"page","link":"https:\/\/www.sybilblue.com\/en\/pret-a-porter\/","title":{"rendered":"Ready to Wear"},"content":{"rendered":"<div data-elementor-type=\"wp-page\" data-elementor-id=\"612\" class=\"elementor elementor-612\" data-elementor-post-type=\"page\">\n\t\t\t\t<div class=\"elementor-element elementor-element-068e1b2 e-flex e-con-boxed e-con e-parent\" data-id=\"068e1b2\" data-element_type=\"container\" data-e-type=\"container\" data-settings=\"{&quot;background_background&quot;:&quot;video&quot;,&quot;background_video_link&quot;:&quot;https:\\\/\\\/www.youtube.com\\\/watch?v=HQHUY5zbhaE&quot;,&quot;background_play_on_mobile&quot;:&quot;yes&quot;,&quot;background_video_start&quot;:0,&quot;background_video_end&quot;:30}\">\n\t\t\t\t\t<div class=\"e-con-inner\">\n\t\t<div class=\"elementor-background-video-container\">\n\t\t\t\t\t\t\t<div class=\"elementor-background-video-embed\" role=\"presentation\"><\/div>\n\t\t\t\t\t\t<\/div>\t\t<div class=\"elementor-element elementor-element-2b37508 elementor-widget elementor-widget-heading\" data-id=\"2b37508\" data-element_type=\"widget\" data-e-type=\"widget\" data-widget_type=\"heading.default\">\n\t\t\t\t<div class=\"elementor-widget-container\">\n\t\t\t\t\t<h2 class=\"elementor-heading-title elementor-size-default\">Ready to Wear<\/h2>\t\t\t\t<\/div>\n\t\t\t\t<\/div>\n\t\t\t\t\t<\/div>\n\t\t\t\t<\/div>\n\t\t<div class=\"elementor-element elementor-element-f810c62 e-flex e-con-boxed e-con e-parent\" data-id=\"f810c62\" data-element_type=\"container\" data-e-type=\"container\">\n\t\t\t\t\t<div class=\"e-con-inner\">\n\t\t\t\t<div class=\"elementor-element elementor-element-7e6ab44 eael-product-grid-column-tablet-2 eael-product-grid-column-mobile-2 eael-product-grid-column-2 elementor-widget elementor-widget-eicon-woocommerce\" data-id=\"7e6ab44\" data-element_type=\"widget\" data-e-type=\"widget\" data-widget_type=\"eicon-woocommerce.default\">\n\t\t\t\t<div class=\"elementor-widget-container\">\n\t\t\t\t\t\n        <div class=\"eael-product-grid eael-product-preset-5 grid\" id=\"eael-product-grid\" data-widget-id=\"7e6ab44\" data-page-id=\"612\" data-nonce=\"39a4528dcc\" >\n            <div class=\"woocommerce\">\n                <ul class=\"products eael-post-appender eael-post-appender-7e6ab44\" data-ssi-desktop=\"no\" data-ssi-tablet=\"no\" data-ssi-mobile=\"no\" data-layout-mode=\"grid\">    <li class=\"product  post-1070 type-product status-publish has-post-thumbnail product_cat-senza-categoria product_tag-pret-a-porter first instock shipping-taxable purchasable product-type-variable\">\n                <div class=\"eael-product-wrap\" data-src=\"\" data-src-hover=\"\">\n            <div class=\"product-image-wrap\">\n                <div class=\"image-wrap\">\n                    <a href=\"https:\/\/www.sybilblue.com\/en\/product\/cappellino-a-visiera-pret-a-porter\/\" class=\"woocommerce-LoopProduct-link woocommerce-loop-product__link\"><img fetchpriority=\"high\" decoding=\"async\" width=\"768\" height=\"819\" src=\"https:\/\/www.sybilblue.com\/wp-content\/uploads\/2026\/03\/IMG_9329-1-1-768x819.jpeg\" class=\"attachment-medium_large size-medium_large\" alt=\"Cappellino da Baseball Pr\u00eat-\u00e0-porter\" loading=\"eager\" srcset=\"https:\/\/www.sybilblue.com\/wp-content\/uploads\/2026\/03\/IMG_9329-1-1-768x819.jpeg 768w, https:\/\/www.sybilblue.com\/wp-content\/uploads\/2026\/03\/IMG_9329-1-1-281x300.jpeg 281w, https:\/\/www.sybilblue.com\/wp-content\/uploads\/2026\/03\/IMG_9329-1-1-11x12.jpeg 11w, https:\/\/www.sybilblue.com\/wp-content\/uploads\/2026\/03\/IMG_9329-1-1-750x800.jpeg 750w, https:\/\/www.sybilblue.com\/wp-content\/uploads\/2026\/03\/IMG_9329-1-1.jpeg 960w\" sizes=\"(max-width: 768px) 100vw, 768px\" \/><\/a>                <\/div>\n                <div class=\"image-hover-wrap\">\n                    <ul class=\"icons-wrap block-style\">\n                                                                                                <li class=\"view-details\"><a href=\"https:\/\/www.sybilblue.com\/en\/product\/cappellino-a-visiera-pret-a-porter\/\"><i class=\"fas fa-link\"><\/i><\/a><\/li>\n                        <li class=\"add-to-cart\"><a href=\"https:\/\/www.sybilblue.com\/en\/product\/cappellino-a-visiera-pret-a-porter\/\" aria-describedby=\"woocommerce_loop_add_to_cart_link_describedby_1070\" data-quantity=\"1\" class=\"button product_type_variable add_to_cart_button\" data-product_id=\"1070\" data-product_sku=\"\" aria-label=\"Choose the options for \u201cCappellino da Baseball Pr\u00eat-\u00e0-porter\u201d\" rel=\"nofollow\" data-no-translation-aria-label=\"\">Discover more<\/a>\t<span id=\"woocommerce_loop_add_to_cart_link_describedby_1070\" class=\"screen-reader-text\">\n\t\tQuesto prodotto ha pi\u00f9 varianti. Le opzioni possono essere scelte nella pagina del prodotto\t<\/span>\n<\/li>\n                    <\/ul>\n                <\/div>\n            <\/div>\n            <div class=\"product-details-wrap\">\n                                <div class=\"eael-product-title\">\n                    <a href=\"https:\/\/www.sybilblue.com\/en\/product\/cappellino-a-visiera-pret-a-porter\/\" class=\"woocommerce-LoopProduct-link woocommerce-loop-product__link\"><h2>Baseball Cap Ready to Wear<\/h2><\/a>                                    <\/div>\n                            <\/div>\n        <\/div>\n            <\/li>\n        <li class=\"product  post-554 type-product status-publish has-post-thumbnail product_cat-senza-categoria product_tag-gift last instock virtual purchasable product-type-gift-card\">\n                <div class=\"eael-product-wrap\" data-src=\"\" data-src-hover=\"\">\n            <div class=\"product-image-wrap\">\n                <div class=\"image-wrap\">\n                    <a href=\"https:\/\/www.sybilblue.com\/en\/product\/gift-card\/\" class=\"woocommerce-LoopProduct-link woocommerce-loop-product__link\"><img decoding=\"async\" width=\"768\" height=\"768\" src=\"https:\/\/www.sybilblue.com\/wp-content\/uploads\/2024\/10\/FB06CAD5-D81C-4264-BB6E-17BEA2C2C54D_1_105_c-1-1-768x768.jpeg\" class=\"attachment-medium_large size-medium_large\" alt=\"Gift card\" loading=\"eager\" srcset=\"https:\/\/www.sybilblue.com\/wp-content\/uploads\/2024\/10\/FB06CAD5-D81C-4264-BB6E-17BEA2C2C54D_1_105_c-1-1-768x768.jpeg 768w, https:\/\/www.sybilblue.com\/wp-content\/uploads\/2024\/10\/FB06CAD5-D81C-4264-BB6E-17BEA2C2C54D_1_105_c-1-1-300x300.jpeg 300w, https:\/\/www.sybilblue.com\/wp-content\/uploads\/2024\/10\/FB06CAD5-D81C-4264-BB6E-17BEA2C2C54D_1_105_c-1-1-150x150.jpeg 150w, https:\/\/www.sybilblue.com\/wp-content\/uploads\/2024\/10\/FB06CAD5-D81C-4264-BB6E-17BEA2C2C54D_1_105_c-1-1-750x750.jpeg 750w, https:\/\/www.sybilblue.com\/wp-content\/uploads\/2024\/10\/FB06CAD5-D81C-4264-BB6E-17BEA2C2C54D_1_105_c-1-1-100x100.jpeg 100w, https:\/\/www.sybilblue.com\/wp-content\/uploads\/2024\/10\/FB06CAD5-D81C-4264-BB6E-17BEA2C2C54D_1_105_c-1-1-50x50.jpeg 50w, https:\/\/www.sybilblue.com\/wp-content\/uploads\/2024\/10\/FB06CAD5-D81C-4264-BB6E-17BEA2C2C54D_1_105_c-1-1.jpeg 842w\" sizes=\"(max-width: 768px) 100vw, 768px\" \/><\/a>                <\/div>\n                <div class=\"image-hover-wrap\">\n                    <ul class=\"icons-wrap block-style\">\n                                                                                                <li class=\"view-details\"><a href=\"https:\/\/www.sybilblue.com\/en\/product\/gift-card\/\"><i class=\"fas fa-link\"><\/i><\/a><\/li>\n                        <li class=\"add-to-cart\"><a href=\"https:\/\/www.sybilblue.com\/en\/product\/gift-card\/\" aria-describedby=\"woocommerce_loop_add_to_cart_link_describedby_554\" data-quantity=\"1\" class=\"button product_type_gift-card add_to_cart_button\" data-product_id=\"554\" data-product_sku=\"\" aria-label=\"Read more about &quot;Gift card&quot;\" rel=\"nofollow\" data-no-translation-aria-label=\"\">Discover more<\/a>\t<span id=\"woocommerce_loop_add_to_cart_link_describedby_554\" class=\"screen-reader-text\">\n\t\t\t<\/span>\n<\/li>\n                    <\/ul>\n                <\/div>\n            <\/div>\n            <div class=\"product-details-wrap\">\n                                <div class=\"eael-product-title\">\n                    <a href=\"https:\/\/www.sybilblue.com\/en\/product\/gift-card\/\" class=\"woocommerce-LoopProduct-link woocommerce-loop-product__link\"><h2>Gift card<\/h2><\/a>                                    <\/div>\n                            <\/div>\n        <\/div>\n            <\/li>\n    <\/ul>            <\/div>\n        <\/div>\n\n        <script type=\"text\/javascript\">\n            jQuery(document).ready(function($) {\n                var $scope = jQuery(\".elementor-element-7e6ab44\");\n                var $products = $('.products', $scope);\n                var $layout_mode = $products.data('layout-mode');\n                \n                if ( $layout_mode === 'masonry' ) {\n                    \/\/ init isotope\n                    var $isotope_products = $products.isotope({\n                        itemSelector: \"li.product\",\n                        layoutMode: $layout_mode,\n                        percentPosition: true\n                    });\n\n                    $isotope_products.imagesLoaded().progress( function() {\n                        $isotope_products.isotope('layout');\n                    })\n                    \n                }\n            });\n        <\/script>\n        \t\t\t\t<\/div>\n\t\t\t\t<\/div>\n\t\t\t\t\t<\/div>\n\t\t\t\t<\/div>\n\t\t\t\t<\/div>","protected":false},"excerpt":{"rendered":"<p>Pr\u00eat-\u00e0-porter Scopri di pi\u00f9 Questo prodotto ha pi\u00f9 varianti. Le opzioni possono essere scelte nella pagina del prodotto Cappellino da Baseball Pr\u00eat-\u00e0-porter Scopri di pi\u00f9 Gift card<\/p>","protected":false},"author":1,"featured_media":0,"parent":0,"menu_order":0,"comment_status":"closed","ping_status":"closed","template":"","meta":{"_monsterinsights_skip_tracking":false,"_monsterinsights_sitenote_active":false,"_monsterinsights_sitenote_note":"","_monsterinsights_sitenote_category":0,"footnotes":""},"class_list":["post-612","page","type-page","status-publish","hentry"],"yoast_head":"<!-- This site is optimized with the Yoast SEO plugin v27.4 - https:\/\/yoast.com\/product\/yoast-seo-wordpress\/ -->\n<title>Pr\u00eat-\u00e0-porter | Sybil Blue<\/title>\n<meta name=\"robots\" content=\"noindex, follow, max-snippet:-1, max-image-preview:large, max-video-preview:-1\" \/>\n<meta property=\"og:locale\" content=\"en_GB\" \/>\n<meta property=\"og:type\" content=\"article\" \/>\n<meta property=\"og:title\" content=\"Pr\u00eat-\u00e0-porter | Sybil Blue\" \/>\n<meta property=\"og:description\" content=\"Pr\u00eat-\u00e0-porter Scopri di pi\u00f9 Questo prodotto ha pi\u00f9 varianti. Le opzioni possono essere scelte nella pagina del prodotto Cappellino da Baseball Pr\u00eat-\u00e0-porter Scopri di pi\u00f9 Gift card\" \/>\n<meta property=\"og:url\" content=\"https:\/\/www.sybilblue.com\/en\/pret-a-porter\/\" \/>\n<meta property=\"og:site_name\" content=\"Sybil Blue\" \/>\n<meta property=\"article:modified_time\" content=\"2026-03-31T13:35:03+00:00\" \/>\n<meta property=\"og:image\" content=\"https:\/\/www.sybilblue.com\/wp-content\/uploads\/2026\/03\/IMG_9329-1-1-768x819.jpeg\" \/>\n<meta name=\"twitter:card\" content=\"summary_large_image\" \/>\n<meta name=\"twitter:label1\" content=\"Estimated reading time\" \/>\n\t<meta name=\"twitter:data1\" content=\"1 minute\" \/>\n<script type=\"application\/ld+json\" class=\"yoast-schema-graph\">{\"@context\":\"https:\\\/\\\/schema.org\",\"@graph\":[{\"@type\":\"WebPage\",\"@id\":\"https:\\\/\\\/www.sybilblue.com\\\/pret-a-porter\\\/\",\"url\":\"https:\\\/\\\/www.sybilblue.com\\\/pret-a-porter\\\/\",\"name\":\"Pr\u00eat-\u00e0-porter | Sybil Blue\",\"isPartOf\":{\"@id\":\"https:\\\/\\\/www.sybilblue.com\\\/#website\"},\"primaryImageOfPage\":{\"@id\":\"https:\\\/\\\/www.sybilblue.com\\\/pret-a-porter\\\/#primaryimage\"},\"image\":{\"@id\":\"https:\\\/\\\/www.sybilblue.com\\\/pret-a-porter\\\/#primaryimage\"},\"thumbnailUrl\":\"https:\\\/\\\/www.sybilblue.com\\\/wp-content\\\/uploads\\\/2026\\\/03\\\/IMG_9329-1-1-768x819.jpeg\",\"datePublished\":\"2024-11-12T15:21:59+00:00\",\"dateModified\":\"2026-03-31T13:35:03+00:00\",\"breadcrumb\":{\"@id\":\"https:\\\/\\\/www.sybilblue.com\\\/pret-a-porter\\\/#breadcrumb\"},\"inLanguage\":\"en-GB\",\"potentialAction\":[{\"@type\":\"ReadAction\",\"target\":[\"https:\\\/\\\/www.sybilblue.com\\\/pret-a-porter\\\/\"]}]},{\"@type\":\"ImageObject\",\"inLanguage\":\"en-GB\",\"@id\":\"https:\\\/\\\/www.sybilblue.com\\\/pret-a-porter\\\/#primaryimage\",\"url\":\"https:\\\/\\\/www.sybilblue.com\\\/wp-content\\\/uploads\\\/2026\\\/03\\\/IMG_9329-1-1-768x819.jpeg\",\"contentUrl\":\"https:\\\/\\\/www.sybilblue.com\\\/wp-content\\\/uploads\\\/2026\\\/03\\\/IMG_9329-1-1-768x819.jpeg\"},{\"@type\":\"BreadcrumbList\",\"@id\":\"https:\\\/\\\/www.sybilblue.com\\\/pret-a-porter\\\/#breadcrumb\",\"itemListElement\":[{\"@type\":\"ListItem\",\"position\":1,\"name\":\"Home\",\"item\":\"https:\\\/\\\/www.sybilblue.com\\\/\"},{\"@type\":\"ListItem\",\"position\":2,\"name\":\"Pr\u00eat-\u00e0-porter\"}]},{\"@type\":\"WebSite\",\"@id\":\"https:\\\/\\\/www.sybilblue.com\\\/#website\",\"url\":\"https:\\\/\\\/www.sybilblue.com\\\/\",\"name\":\"Sybil Blue\",\"description\":\"By Us for You\",\"publisher\":{\"@id\":\"https:\\\/\\\/www.sybilblue.com\\\/#organization\"},\"alternateName\":\"Sybil Blue | By Us for You\",\"potentialAction\":[{\"@type\":\"SearchAction\",\"target\":{\"@type\":\"EntryPoint\",\"urlTemplate\":\"https:\\\/\\\/www.sybilblue.com\\\/?s={search_term_string}\"},\"query-input\":{\"@type\":\"PropertyValueSpecification\",\"valueRequired\":true,\"valueName\":\"search_term_string\"}}],\"inLanguage\":\"en-GB\"},{\"@type\":\"Organization\",\"@id\":\"https:\\\/\\\/www.sybilblue.com\\\/#organization\",\"name\":\"Sybil Blue\",\"url\":\"https:\\\/\\\/www.sybilblue.com\\\/\",\"logo\":{\"@type\":\"ImageObject\",\"inLanguage\":\"en-GB\",\"@id\":\"https:\\\/\\\/www.sybilblue.com\\\/#\\\/schema\\\/logo\\\/image\\\/\",\"url\":\"https:\\\/\\\/www.sybilblue.com\\\/wp-content\\\/uploads\\\/2024\\\/09\\\/Sybil-Logo-copia.png\",\"contentUrl\":\"https:\\\/\\\/www.sybilblue.com\\\/wp-content\\\/uploads\\\/2024\\\/09\\\/Sybil-Logo-copia.png\",\"width\":300,\"height\":122,\"caption\":\"Sybil Blue\"},\"image\":{\"@id\":\"https:\\\/\\\/www.sybilblue.com\\\/#\\\/schema\\\/logo\\\/image\\\/\"}}]}<\/script>\n<!-- \/ Yoast SEO plugin. -->","yoast_head_json":{"title":"Pr\u00eat-\u00e0-porter | Sybil Blue","robots":{"index":"noindex","follow":"follow","max-snippet":"max-snippet:-1","max-image-preview":"max-image-preview:large","max-video-preview":"max-video-preview:-1"},"og_locale":"en_GB","og_type":"article","og_title":"Pr\u00eat-\u00e0-porter | Sybil Blue","og_description":"Pr\u00eat-\u00e0-porter Scopri di pi\u00f9 Questo prodotto ha pi\u00f9 varianti. Le opzioni possono essere scelte nella pagina del prodotto Cappellino da Baseball Pr\u00eat-\u00e0-porter Scopri di pi\u00f9 Gift card","og_url":"https:\/\/www.sybilblue.com\/en\/pret-a-porter\/","og_site_name":"Sybil Blue","article_modified_time":"2026-03-31T13:35:03+00:00","og_image":[{"url":"https:\/\/www.sybilblue.com\/wp-content\/uploads\/2026\/03\/IMG_9329-1-1-768x819.jpeg","type":"","width":"","height":""}],"twitter_card":"summary_large_image","twitter_misc":{"Estimated reading time":"1 minute"},"schema":{"@context":"https:\/\/schema.org","@graph":[{"@type":"WebPage","@id":"https:\/\/www.sybilblue.com\/pret-a-porter\/","url":"https:\/\/www.sybilblue.com\/pret-a-porter\/","name":"Pr\u00eat-\u00e0-porter | Sybil Blue","isPartOf":{"@id":"https:\/\/www.sybilblue.com\/#website"},"primaryImageOfPage":{"@id":"https:\/\/www.sybilblue.com\/pret-a-porter\/#primaryimage"},"image":{"@id":"https:\/\/www.sybilblue.com\/pret-a-porter\/#primaryimage"},"thumbnailUrl":"https:\/\/www.sybilblue.com\/wp-content\/uploads\/2026\/03\/IMG_9329-1-1-768x819.jpeg","datePublished":"2024-11-12T15:21:59+00:00","dateModified":"2026-03-31T13:35:03+00:00","breadcrumb":{"@id":"https:\/\/www.sybilblue.com\/pret-a-porter\/#breadcrumb"},"inLanguage":"en-GB","potentialAction":[{"@type":"ReadAction","target":["https:\/\/www.sybilblue.com\/pret-a-porter\/"]}]},{"@type":"ImageObject","inLanguage":"en-GB","@id":"https:\/\/www.sybilblue.com\/pret-a-porter\/#primaryimage","url":"https:\/\/www.sybilblue.com\/wp-content\/uploads\/2026\/03\/IMG_9329-1-1-768x819.jpeg","contentUrl":"https:\/\/www.sybilblue.com\/wp-content\/uploads\/2026\/03\/IMG_9329-1-1-768x819.jpeg"},{"@type":"BreadcrumbList","@id":"https:\/\/www.sybilblue.com\/pret-a-porter\/#breadcrumb","itemListElement":[{"@type":"ListItem","position":1,"name":"Home","item":"https:\/\/www.sybilblue.com\/"},{"@type":"ListItem","position":2,"name":"Pr\u00eat-\u00e0-porter"}]},{"@type":"WebSite","@id":"https:\/\/www.sybilblue.com\/#website","url":"https:\/\/www.sybilblue.com\/","name":"Sybil Blue","description":"By Us for You","publisher":{"@id":"https:\/\/www.sybilblue.com\/#organization"},"alternateName":"Sybil Blue | By Us for You","potentialAction":[{"@type":"SearchAction","target":{"@type":"EntryPoint","urlTemplate":"https:\/\/www.sybilblue.com\/?s={search_term_string}"},"query-input":{"@type":"PropertyValueSpecification","valueRequired":true,"valueName":"search_term_string"}}],"inLanguage":"en-GB"},{"@type":"Organization","@id":"https:\/\/www.sybilblue.com\/#organization","name":"Sybil Blue","url":"https:\/\/www.sybilblue.com\/","logo":{"@type":"ImageObject","inLanguage":"en-GB","@id":"https:\/\/www.sybilblue.com\/#\/schema\/logo\/image\/","url":"https:\/\/www.sybilblue.com\/wp-content\/uploads\/2024\/09\/Sybil-Logo-copia.png","contentUrl":"https:\/\/www.sybilblue.com\/wp-content\/uploads\/2024\/09\/Sybil-Logo-copia.png","width":300,"height":122,"caption":"Sybil Blue"},"image":{"@id":"https:\/\/www.sybilblue.com\/#\/schema\/logo\/image\/"}}]}},"_links":{"self":[{"href":"https:\/\/www.sybilblue.com\/en\/wp-json\/wp\/v2\/pages\/612","targetHints":{"allow":["GET"]}}],"collection":[{"href":"https:\/\/www.sybilblue.com\/en\/wp-json\/wp\/v2\/pages"}],"about":[{"href":"https:\/\/www.sybilblue.com\/en\/wp-json\/wp\/v2\/types\/page"}],"author":[{"embeddable":true,"href":"https:\/\/www.sybilblue.com\/en\/wp-json\/wp\/v2\/users\/1"}],"replies":[{"embeddable":true,"href":"https:\/\/www.sybilblue.com\/en\/wp-json\/wp\/v2\/comments?post=612"}],"version-history":[{"count":55,"href":"https:\/\/www.sybilblue.com\/en\/wp-json\/wp\/v2\/pages\/612\/revisions"}],"predecessor-version":[{"id":1648,"href":"https:\/\/www.sybilblue.com\/en\/wp-json\/wp\/v2\/pages\/612\/revisions\/1648"}],"wp:attachment":[{"href":"https:\/\/www.sybilblue.com\/en\/wp-json\/wp\/v2\/media?parent=612"}],"curies":[{"name":"wp","href":"https:\/\/api.w.org\/{rel}","templated":true}]}}